{"id":2794,"date":"2021-01-22T20:14:08","date_gmt":"2021-01-22T19:14:08","guid":{"rendered":"http:\/\/cercle-cp.fr\/?page_id=2794"},"modified":"2025-01-28T17:59:35","modified_gmt":"2025-01-28T16:59:35","slug":"elementor-2794","status":"publish","type":"page","link":"https:\/\/cercle-cp.fr\/","title":{"rendered":""},"content":{"rendered":"<h3>L&rsquo;ASSOCIATION<\/h3>\n<h1>Nous diffusons la culture scientifique<\/h1>\n<h4>Le Cercle de Chimie ParisTech &#8211; PSL est une association \u00e9tudiante de Chimie ParisTech &#8211; PSL dont la mission est de promouvoir les sciences et l&rsquo;innovation \u00e0 travers l&rsquo;organisation d&rsquo;activit\u00e9s de m\u00e9diation scientifique encadr\u00e9es par les \u00e9tudiants de l&rsquo;\u00e9cole.<\/h4>\n<p><img fetchpriority=\"high\" decoding=\"async\" src=\"https:\/\/cercle-cp.fr\/wp-content\/uploads\/2014\/05\/MG_27832.jpg\" sizes=\"100vw\" srcset=\"https:\/\/cercle-cp.fr\/wp-content\/uploads\/2014\/05\/MG_27832.jpg 800w, https:\/\/cercle-cp.fr\/wp-content\/uploads\/2014\/05\/MG_27832-300x200.jpg 300w\" alt=\"\" width=\"800\" height=\"534\" \/><\/p>\n<h3>NOS ENGAGEMENTS<\/h3>\n<h4>PROMOUVOIR LES SCIENCES<\/h4>\n<p>En explorant diff\u00e9rents domaines scientifiques pour comprendre le monde qui nous entoure.<\/p>\n<h4>\u00c9TABLIR UN LIEN AVEC LE GRAND PUBLIC<\/h4>\n<p>En organisant des \u00e9v\u00e9nements de m\u00e9diation scientifique pour construire une relation fond\u00e9e sur l&rsquo;int\u00e9r\u00eat pour les sciences.<\/p>\n<h4>PARTAGER NOTRE EXP\u00c9RIENCE<\/h4>\n<p>En cr\u00e9ant des rencontres, pour partager nos parcours et nos projets.<\/p>\n<h3>NOTRE EQUIPE<\/h3>\n<h1>Le bureau 2024<\/h1>\n<h4>Le Cercle de Chimie ParisTech &#8211; PSL r\u00e9unit des \u00e9tudiants de premi\u00e8re et de deuxi\u00e8me ann\u00e9e de cycle ing\u00e9nieur de Chimie ParisTech &#8211; PSL qui partagent un int\u00e9r\u00eat commun pour les sciences et la vulgarisation scientifique.<\/h4>\n<figure><img decoding=\"async\" src=\"https:\/\/cercle-cp.fr\/wp-content\/uploads\/2024\/04\/9C56FD93-A61A-443A-8C99-AB7C9BCC1617.png\" sizes=\"100vw\" srcset=\"https:\/\/cercle-cp.fr\/wp-content\/uploads\/2024\/04\/9C56FD93-A61A-443A-8C99-AB7C9BCC1617.png 2000w, https:\/\/cercle-cp.fr\/wp-content\/uploads\/2024\/04\/9C56FD93-A61A-443A-8C99-AB7C9BCC1617-300x212.png 300w, https:\/\/cercle-cp.fr\/wp-content\/uploads\/2024\/04\/9C56FD93-A61A-443A-8C99-AB7C9BCC1617-1536x1087.png 1536w\" alt=\"\" width=\"950\" height=\"672\" \/><figcaption><\/figcaption><\/figure>\n<p><img decoding=\"async\" src=\"https:\/\/cercle-cp.fr\/wp-content\/uploads\/2024\/04\/A7B4266F-24A7-4563-988C-C16A37C1CAE3.jpeg\" sizes=\"100vw\" srcset=\"https:\/\/cercle-cp.fr\/wp-content\/uploads\/2024\/04\/A7B4266F-24A7-4563-988C-C16A37C1CAE3.jpeg 1500w, https:\/\/cercle-cp.fr\/wp-content\/uploads\/2024\/04\/A7B4266F-24A7-4563-988C-C16A37C1CAE3-300x200.jpeg 300w\" alt=\"Photo du groupe 2024\" width=\"950\" height=\"633\" \/><\/p>\n<h3><\/h3>\n<h3>LES EQUIPES PRECEDENTES<\/h3>\n<h1>Des membres investis dans l&rsquo;association !<\/h1>\n<h3>Les membres du bureau 2023<\/h3>\n<p><img loading=\"lazy\" decoding=\"async\" src=\"https:\/\/cercle-cp.fr\/wp-content\/uploads\/2023\/04\/Le-cercle-photo-groupe.jpeg\" sizes=\"100vw\" srcset=\"https:\/\/cercle-cp.fr\/wp-content\/uploads\/2023\/04\/Le-cercle-photo-groupe.jpeg 1600w, https:\/\/cercle-cp.fr\/wp-content\/uploads\/2023\/04\/Le-cercle-photo-groupe-300x200.jpeg 300w, https:\/\/cercle-cp.fr\/wp-content\/uploads\/2023\/04\/Le-cercle-photo-groupe-768x512.jpeg 768w, https:\/\/cercle-cp.fr\/wp-content\/uploads\/2023\/04\/Le-cercle-photo-groupe-1536x1023.jpeg 1536w, https:\/\/cercle-cp.fr\/wp-content\/uploads\/2023\/04\/Le-cercle-photo-groupe-1024x682.jpeg 1024w\" alt=\"\" width=\"600\" height=\"365\" \/><\/p>\n<p style=\"text-align: left;\">L\u2019\u00e9quipe 2023<\/p>\n<h5 style=\"text-align: left;\">L. COMTE &#8211; Pr\u00e9sidente | G. ROY &#8211; Vice-pr\u00e9sident &amp; Responsable PSL<\/h5>\n<h5 style=\"text-align: left;\">I. FARAH &#8211; Secr\u00e9taire | M. MAMILO &#8211; Tr\u00e9sori\u00e8re<\/h5>\n<h5 style=\"text-align: left;\">M. GUENET &#8211; Responsable Communication | L. FROT &amp; H. POUX &#8211; Responsables Exp\u00e9riences<\/h5>\n<h5 style=\"text-align: left;\">J. LAHORE &#8211; Responsable TIPE<\/h5>\n<h3>Les membres du bureau 2022<\/h3>\n<h5><img loading=\"lazy\" decoding=\"async\" style=\"font-size: 16px;\" src=\"https:\/\/cercle-cp.fr\/wp-content\/uploads\/2022\/02\/photo-de-groupe-3.jpg\" sizes=\"100vw\" srcset=\"https:\/\/cercle-cp.fr\/wp-content\/uploads\/2022\/02\/photo-de-groupe-3.jpg 1090w, https:\/\/cercle-cp.fr\/wp-content\/uploads\/2022\/02\/photo-de-groupe-3-300x170.jpg 300w, https:\/\/cercle-cp.fr\/wp-content\/uploads\/2022\/02\/photo-de-groupe-3-768x435.jpg 768w, https:\/\/cercle-cp.fr\/wp-content\/uploads\/2022\/02\/photo-de-groupe-3-1024x580.jpg 1024w\" alt=\"\" width=\"600\" height=\"538\" \/><\/h5>\n<h3 style=\"text-align: right;\">\u00a0L&rsquo;\u00e9quipe 2022<\/h3>\n<h5 style=\"text-align: right;\">S. BROSSE &#8211; Pr\u00e9sident | C. GUYOT &#8211; Vice-pr\u00e9sident<\/h5>\n<h5 style=\"text-align: right;\">M. NOIREZ\u00a0&#8211; Secr\u00e9taire | A. LAZAROO &#8211; Tr\u00e9sori\u00e8re<\/h5>\n<h5 style=\"text-align: right;\">R. RENOU &#8211; Responsable Communication | T. BOULANGER &#8211; Responsable Exp\u00e9riences | L. FANG &#8211; Responsable TIPE | F. DANO &#8211; Responsable PSL<\/h5>\n<h4><\/h4>\n<h3>Les membres du bureau 2021<\/h3>\n<p><img loading=\"lazy\" decoding=\"async\" style=\"font-size: 16px;\" src=\"https:\/\/cercle-cp.fr\/wp-content\/uploads\/2021\/04\/IMG_1783-1-scaled.jpg\" sizes=\"100vw\" srcset=\"https:\/\/cercle-cp.fr\/wp-content\/uploads\/2021\/04\/IMG_1783-1-scaled.jpg 2560w, https:\/\/cercle-cp.fr\/wp-content\/uploads\/2021\/04\/IMG_1783-1-300x200.jpg 300w, https:\/\/cercle-cp.fr\/wp-content\/uploads\/2021\/04\/IMG_1783-1-768x512.jpg 768w, https:\/\/cercle-cp.fr\/wp-content\/uploads\/2021\/04\/IMG_1783-1-1536x1024.jpg 1536w, https:\/\/cercle-cp.fr\/wp-content\/uploads\/2021\/04\/IMG_1783-1-2048x1365.jpg 2048w, https:\/\/cercle-cp.fr\/wp-content\/uploads\/2021\/04\/IMG_1783-1-1024x683.jpg 1024w, https:\/\/cercle-cp.fr\/wp-content\/uploads\/2021\/04\/IMG_1783-1-1620x1080.jpg 1620w, https:\/\/cercle-cp.fr\/wp-content\/uploads\/2021\/04\/IMG_1783-1-scaled-2000x1334.jpg 2000w\" alt=\"\" width=\"600\" height=\"633\" \/><\/p>\n<p>L&rsquo;\u00e9quipe 2021<\/p>\n<h5>C. GAMONET &#8211; Pr\u00e9sident | H. SAGNARD &#8211; Vice-pr\u00e9sidente<\/h5>\n<h5>P. FAUVARQUE &#8211; Secr\u00e9taire | A. MOUNERAT &#8211; Tr\u00e9sorier<\/h5>\n<h5>F. DUGOURD &#8211; Responsable Communication | A. HEBBRECHT &#8211; Responsable Exp\u00e9riences<br \/>\n| E. MERVILLE &#8211; Responsable TIPE &amp; PSL<\/h5>\n<h3>Les membres du bureau 2020<\/h3>\n<h3><img loading=\"lazy\" decoding=\"async\" style=\"font-size: 16px;\" src=\"https:\/\/cercle-cp.fr\/wp-content\/uploads\/2023\/06\/P1120419-scaled.jpg\" sizes=\"100vw\" srcset=\"https:\/\/cercle-cp.fr\/wp-content\/uploads\/2023\/06\/P1120419-scaled.jpg 2560w, https:\/\/cercle-cp.fr\/wp-content\/uploads\/2023\/06\/P1120419-300x200.jpg 300w, https:\/\/cercle-cp.fr\/wp-content\/uploads\/2023\/06\/P1120419-768x513.jpg 768w, https:\/\/cercle-cp.fr\/wp-content\/uploads\/2023\/06\/P1120419-1536x1026.jpg 1536w, https:\/\/cercle-cp.fr\/wp-content\/uploads\/2023\/06\/P1120419-2048x1368.jpg 2048w, https:\/\/cercle-cp.fr\/wp-content\/uploads\/2023\/06\/P1120419-1024x684.jpg 1024w, https:\/\/cercle-cp.fr\/wp-content\/uploads\/2023\/06\/P1120419-1617x1080.jpg 1617w, https:\/\/cercle-cp.fr\/wp-content\/uploads\/2023\/06\/P1120419-scaled-2000x1336.jpg 2000w\" alt=\"\" width=\"600\" height=\"1710\" \/><\/h3>\n<p style=\"text-align: right;\">L&rsquo;\u00e9quipe 2020<\/p>\n<h5 style=\"text-align: right;\">N. JACQUES-EDOUARD &#8211; Pr\u00e9sident | M. MIRAN- Vice-pr\u00e9sident<\/h5>\n<h5 style=\"text-align: right;\">B. BOCHE &#8211; Secr\u00e9taire | B. VIBERT &#8211; Tr\u00e9sori\u00e8re<\/h5>\n<h5 style=\"text-align: right;\">F. BOUCHACOURT- Responsable Communication | A. LUBRANO DI SCUMPAMORTE &#8211; Responsable Exp\u00e9riences<br \/>\n| V. SISOMUSIN &#8211; Responsable TIPE<\/h5>\n<h3>Les membres du bureau 2019<\/h3>\n<p><img loading=\"lazy\" decoding=\"async\" src=\"https:\/\/cercle-cp.fr\/wp-content\/uploads\/2019\/03\/IMG_8401.jpg\" sizes=\"100vw\" srcset=\"https:\/\/cercle-cp.fr\/wp-content\/uploads\/2019\/03\/IMG_8401.jpg 4032w, https:\/\/cercle-cp.fr\/wp-content\/uploads\/2019\/03\/IMG_8401-300x225.jpg 300w, https:\/\/cercle-cp.fr\/wp-content\/uploads\/2019\/03\/IMG_8401-1536x1152.jpg 1536w, https:\/\/cercle-cp.fr\/wp-content\/uploads\/2019\/03\/IMG_8401-2048x1536.jpg 2048w, https:\/\/cercle-cp.fr\/wp-content\/uploads\/2019\/03\/IMG_8401-2000x1500.jpg 2000w\" alt=\"\" width=\"600\" height=\"3024\" \/><\/p>\n<p>L&rsquo;\u00e9quipe 2019<\/p>\n<h5>L. WEISS &#8211; Pr\u00e9sidente \u2013 A. DONATINI &#8211; Vice-pr\u00e9sident<\/h5>\n<h5>C. FONTAINE &#8211; Secr\u00e9taire \u2013 A.-V. DE BAYNAST &#8211; Tr\u00e9sori\u00e8re<\/h5>\n<h5>N. MORADMAND-NIA et T. VILLARUBIAS &#8211; Responsables Communication \u2013 S. COLSON et S. REDOR &#8211; Responsables Exp\u00e9riences \u2013 V. LIB\u00c9RIOUX &#8211; Responsable PSL<\/h5>\n<h4><\/h4>\n<h3>Les membres du bureau 2018<\/h3>\n<p><img loading=\"lazy\" decoding=\"async\" src=\"https:\/\/cercle-cp.fr\/wp-content\/uploads\/2018\/04\/Le-Cercle.jpg\" sizes=\"100vw\" srcset=\"https:\/\/cercle-cp.fr\/wp-content\/uploads\/2018\/04\/Le-Cercle.jpg 5184w, https:\/\/cercle-cp.fr\/wp-content\/uploads\/2018\/04\/Le-Cercle-300x200.jpg 300w, https:\/\/cercle-cp.fr\/wp-content\/uploads\/2018\/04\/Le-Cercle-1536x1024.jpg 1536w, https:\/\/cercle-cp.fr\/wp-content\/uploads\/2018\/04\/Le-Cercle-2048x1365.jpg 2048w, https:\/\/cercle-cp.fr\/wp-content\/uploads\/2018\/04\/Le-Cercle-2000x1333.jpg 2000w\" alt=\"\" width=\"600\" height=\"3456\" \/><\/p>\n<p style=\"text-align: right;\">L&rsquo;\u00e9quipe 2018<\/p>\n<h5 style=\"text-align: right;\">J. ROUDIN &#8211; Pr\u00e9sident \u2013 V. HOURS &#8211; Vice-pr\u00e9sident<\/h5>\n<h5 style=\"text-align: right;\">E. PERRIN &#8211; Secr\u00e9taire \u2013 C. SMAILI &#8211; Tr\u00e9sori\u00e8re<\/h5>\n<h5 style=\"text-align: right;\">M. SAVEL &#8211; Responsable Communication \u2013 B. DE BONNEVILLE &#8211; Responsable Exp\u00e9riences \u2013 A. GIRAULT &#8211; Responsable PSL<\/h5>\n<h4><\/h4>\n<h3>Les membres du bureau 2017<\/h3>\n<p><img loading=\"lazy\" decoding=\"async\" style=\"text-align: right;\" src=\"https:\/\/cercle-cp.fr\/wp-content\/uploads\/2014\/02\/18405700_1319985908097598_2092080535_o.jpg\" sizes=\"100vw\" srcset=\"https:\/\/cercle-cp.fr\/wp-content\/uploads\/2014\/02\/18405700_1319985908097598_2092080535_o.jpg 2048w, https:\/\/cercle-cp.fr\/wp-content\/uploads\/2014\/02\/18405700_1319985908097598_2092080535_o-300x225.jpg 300w, https:\/\/cercle-cp.fr\/wp-content\/uploads\/2014\/02\/18405700_1319985908097598_2092080535_o-1536x1152.jpg 1536w, https:\/\/cercle-cp.fr\/wp-content\/uploads\/2014\/02\/18405700_1319985908097598_2092080535_o-2000x1500.jpg 2000w\" alt=\"\" width=\"600\" height=\"1536\" \/><\/p>\n<p>L&rsquo;\u00e9quipe 2017<\/p>\n<h5>C. NADLER &#8211; Pr\u00e9sidente \u2013 L. DAUGAS &#8211; Vice-pr\u00e9sidente<\/h5>\n<h5>J. LANGLAIS &#8211; Secr\u00e9taire \u2013 F. BEL &#8211; Tr\u00e9sorier<\/h5>\n<h5>S. LAM &#8211; Responsable Communication \u2013 T. ABEGG &#8211; Responsable Exp\u00e9riences<\/h5>\n<h3>LA FETE DE LA SCIENCE<\/h3>\n<h1>D\u00e9couvrir les sciences et l&rsquo;innovation<\/h1>\n<h4>Le Cercle de Chimie ParisTech &#8211; PSL organise l&rsquo;\u00e9dition annuelle de la F\u00eate de la Science \u00e0 Chimie ParisTech &#8211; PSL.<\/h4>\n<p><strong><em>D\u00e9couvrir la F\u00eate de la Science<\/em><\/strong><\/p>\n<p>La F\u00eate de la Science est un \u00e9v\u00e9nement annuel de m\u00e9diation scientifique organis\u00e9 par le Minist\u00e8re de l\u2019Enseignement sup\u00e9rieur, de la Recherche et de l\u2019Innovation depuis 2002.<\/p>\n<p>L\u2019ensemble des acteurs de la communaut\u00e9 scientifique se r\u00e9unit pour partager leur int\u00e9r\u00eat pour les sciences, la technologie et l\u2019innovation.<\/p>\n<p><strong><em>Partager la culture scientifique<\/em><\/strong><\/p>\n<p>Des activit\u00e9s de m\u00e9diation scientifique gratuites et ouvertes \u00e0 tous sont organis\u00e9es pour pr\u00e9senter diff\u00e9rents domaines scientifiques selon une approche ludique et festive.<\/p>\n<p>Consultez le <a href=\"https:\/\/www.fetedelascience.fr\/\">site internet de la F\u00eate de la Science<\/a> pour d\u00e9couvrir l\u2019ensemble des \u00e9v\u00e9nements de m\u00e9diation scientifique organis\u00e9s.<\/p>\n<p><img loading=\"lazy\" decoding=\"async\" src=\"https:\/\/cercle-cp.fr\/wp-content\/uploads\/2015\/10\/1328f85aae0290343505b6dba0c86f62b0ecb6b3.jpg\" sizes=\"100vw\" srcset=\"https:\/\/cercle-cp.fr\/wp-content\/uploads\/2015\/10\/1328f85aae0290343505b6dba0c86f62b0ecb6b3.jpg 1368w, https:\/\/cercle-cp.fr\/wp-content\/uploads\/2015\/10\/1328f85aae0290343505b6dba0c86f62b0ecb6b3-300x200.jpg 300w\" alt=\"\" width=\"1368\" height=\"912\" \/><\/p>\n<h3>LES MINI-FDS<\/h3>\n<h1>La vulgarisation scientifique comme lien social<\/h1>\n<h4>En organisant des \u00e9v\u00e9nements de m\u00e9diation scientifique avec des \u00e9l\u00e8ves de classes primaires ou des r\u00e9sidents de maisons de retraite, nous construisons une relation fond\u00e9e sur l&rsquo;int\u00e9r\u00eat et l&rsquo;\u00e9change autour de la culture scientifique.<\/h4>\n<h3>LES OLYMPIADES INTERNATIONALES DE CHIMIE<\/h3>\n<h1>La chimie pour un rayonnement international<\/h1>\n<h4>Le Cercle de Chimie ParisTech &#8211; PSL accueille les \u00e9tudiants de la d\u00e9l\u00e9gations fran\u00e7aise de l&rsquo;\u00e9dition annuelle des Olympiades Internationales de Chimie.<\/h4>\n<p><a tabindex=\"0\" href=\"https:\/\/www.sciencesalecole.org\/olympiades-internationales-de-chimie-presentation\/\">D\u00e9couvrir les Olympiades Internationales de Chimie<\/a><\/p>\n<p>Les Olympiades Internationales de Chimie (IChO) sont une comp\u00e9tition internationale de chimie r\u00e9unissant des \u00e9tudiants de l\u2019enseignement secondaire.<\/p>\n<p>Les connaissances en chimie des \u00e9quipes participantes sont \u00e9valu\u00e9es lors d\u2019une \u00e9preuve pratique et d\u2019une \u00e9preuve th\u00e9orique.<\/p>\n<p><img loading=\"lazy\" decoding=\"async\" src=\"https:\/\/cercle-cp.fr\/wp-content\/uploads\/2014\/05\/MG_27754.jpg\" sizes=\"100vw\" srcset=\"https:\/\/cercle-cp.fr\/wp-content\/uploads\/2014\/05\/MG_27754.jpg 601w, https:\/\/cercle-cp.fr\/wp-content\/uploads\/2014\/05\/MG_27754-200x300.jpg 200w\" alt=\"\" width=\"601\" height=\"901\" \/><br \/>\n<img loading=\"lazy\" decoding=\"async\" src=\"https:\/\/cercle-cp.fr\/wp-content\/uploads\/2015\/10\/fef3dc9bebe87b2136dd2b66adee588bd05caed6.jpg\" sizes=\"100vw\" srcset=\"https:\/\/cercle-cp.fr\/wp-content\/uploads\/2015\/10\/fef3dc9bebe87b2136dd2b66adee588bd05caed6.jpg 1368w, https:\/\/cercle-cp.fr\/wp-content\/uploads\/2015\/10\/fef3dc9bebe87b2136dd2b66adee588bd05caed6-300x200.jpg 300w\" alt=\"\" width=\"1368\" height=\"912\" \/><\/p>\n<h3>AIDE AUX TIPE<\/h3>\n<h1>Une exp\u00e9rience innovante ?<\/h1>\n<h4>Le Cercle de Chimie ParisTech &#8211; PSL \u00e9tablit le lien entre les \u00e9l\u00e8ves de classes pr\u00e9paratoires et les laboratoires de recherche de Chimie ParisTech &#8211; PSL.<\/h4>\n<p><em>Demander l&rsquo;accompagnement du Cercle de Chimie ParisTech &#8211; PSL<\/em><br \/>\nPour comprendre les sp\u00e9cificit\u00e9s de votre exp\u00e9rience et en appr\u00e9cier les besoins, il est n\u00e9cessaire de compl\u00e9ter et d\u2019envoyer le <a href=\"https:\/\/cercle-cp.fr\/wp-content\/uploads\/2025\/01\/Formulaire-demande-daccompagnement-aux-TIPE.pdf\">formulaire d\u2019accompagnement aux TIPE<\/a>\u00a0\u00e0 l\u2019adresse e-mail : aide-cercle@etu.chimieparistech.psl.eu<\/p>\n<h3>ACCES<\/h3>\n<h1>Venir \u00e0 Chimie ParisTech &#8211; PSL<\/h1>\n<h4>Chimie ParisTech &#8211; PSL \u2013 \u00c9cole Nationale Sup\u00e9rieure de Chimie de Paris<\/h4>\n<p>11, Rue Pierre et Marie Curie<br \/>\n75005 Paris<\/p>\n<h3>CONTACT<\/h3>\n<h1>Contactez-nous !<\/h1>\n<h4>Vous avez des questions concernant les activit\u00e9s du Cercle de Chimie ParisTech &#8211; PSL ?<\/h4>\n<form id=\"wpforms-form-3054\" action=\"\/wp-admin\/admin-ajax.php\" enctype=\"multipart\/form-data\" method=\"post\" data-formid=\"3054\" data-token=\"1cae0da06c1c8cf899cb7b81091b2123\"><noscript>Veuillez activer JavaScript dans votre navigateur pour remplir ce formulaire.<\/noscript><label for=\"wpforms-3054-field_0\">Nom *<\/label><input id=\"wpforms-3054-field_0\" name=\"wpforms[fields][0][first]\" required=\"\" type=\"text\" placeholder=\"Fran\u00e7ois\" \/><label for=\"wpforms-3054-field_0\">Pr\u00e9nom<\/label><input id=\"wpforms-3054-field_0-last\" name=\"wpforms[fields][0][last]\" required=\"\" type=\"text\" placeholder=\"Pignon\" \/><label for=\"wpforms-3054-field_0-last\">Nom<\/label><label for=\"wpforms-3054-field_1\">E-mail *<\/label><input id=\"wpforms-3054-field_1\" spellcheck=\"false\" name=\"wpforms[fields][1][primary]\" required=\"\" type=\"email\" placeholder=\"fran\u00e7ois.pignon@belgiqueproductions.be\" \/><label for=\"wpforms-3054-field_1\">E-mail<\/label><input id=\"wpforms-3054-field_1-secondary\" spellcheck=\"false\" name=\"wpforms[fields][1][secondary]\" required=\"\" type=\"email\" data-rule-confirm=\"#wpforms-3054-field_1\" \/><label for=\"wpforms-3054-field_1-secondary\">Confirmez l\u2019e-mail<\/label><label for=\"wpforms-3054-field_2\">Commentaire ou message *<\/label><textarea id=\"wpforms-3054-field_2\" name=\"wpforms[fields][2]\" required=\"\" placeholder=\"La tour Eiffel\u2026 enti\u00e8rement faite avec des allumettes, 346 422 exactement\"><\/textarea><!-- .wpforms-field-container --><input name=\"wpforms[id]\" type=\"hidden\" value=\"3054\" \/> <input name=\"wpforms[nonce]\" type=\"hidden\" value=\"eaf0cd333e\" \/><br \/>\n<input name=\"wpforms[author]\" type=\"hidden\" value=\"1\" \/><button id=\"wpforms-submit-3054\" name=\"wpforms[submit]\" type=\"submit\" value=\"wpforms-submit\" data-alt-text=\"Envoi...\" data-submit-text=\"Envoyer\" aria-live=\"assertive\">Envoyer<\/button><\/form>\n<p><!-- .wpforms-container --><\/p>\n<h3>NOS R\u00c9SEAUX SOCIAUX<\/h3>\n<p><a href=\"https:\/\/www.facebook.com\/cerclecp\/\" target=\"_blank\" rel=\"noopener\"><br \/>\nFacebook<br \/>\n<\/a><br \/>\n<a href=\"https:\/\/www.youtube.com\/channel\/UC3AbIksk_50-2EQ4NpEmJqA\" target=\"_blank\" rel=\"noopener\"><br \/>\nYoutube<br \/>\n<\/a><br \/>\n<a href=\"https:\/\/www.instagram.com\/le_cercle_chimieparis\/\" target=\"_blank\" rel=\"noopener\"><br \/>\nInstagram<br \/>\n<\/a><\/p>\n<h6>Les \u00e9l\u00e9ments de communication du Cercle de Chimie ParisTech &#8211; PSL utilisent le masculin g\u00e9n\u00e9rique. Ce choix ne contredit pas l&rsquo;attention port\u00e9e par l&rsquo;association \u00e0 la parit\u00e9 de genre et \u00e0 la non-discrimination fond\u00e9e sur le sexe.<\/h6>\n","protected":false},"excerpt":{"rendered":"<p>L&rsquo;ASSOCIATION Nous diffusons la culture scientifique Le Cercle de Chimie ParisTech &#8211; PSL est une association \u00e9tudiante de Chimie ParisTech &#8211; PSL dont la mission est de promouvoir les sciences et l&rsquo;innovation \u00e0 travers l&rsquo;organisation d&rsquo;activit\u00e9s de m\u00e9diation scientifique encadr\u00e9es par les \u00e9tudiants de l&rsquo;\u00e9cole. NOS ENGAGEMENTS PROMOUVOIR LES SCIENCES En explorant diff\u00e9rents domaines scientifiques &hellip; <\/p>\n<p class=\"link-more\"><a href=\"https:\/\/cercle-cp.fr\/\" class=\"more-link\">Lire la suite de<span class=\"screen-reader-text\">\u00ab\u00a0\u00a0\u00bb<\/span><\/a><\/p>\n","protected":false},"author":1,"featured_media":0,"parent":0,"menu_order":0,"comment_status":"closed","ping_status":"closed","template":"","meta":{"_monsterinsights_skip_tracking":false,"_monsterinsights_sitenote_active":false,"_monsterinsights_sitenote_note":"","_monsterinsights_sitenote_category":0,"footnotes":""},"_links":{"self":[{"href":"https:\/\/cercle-cp.fr\/index.php?rest_route=\/wp\/v2\/pages\/2794"}],"collection":[{"href":"https:\/\/cercle-cp.fr\/index.php?rest_route=\/wp\/v2\/pages"}],"about":[{"href":"https:\/\/cercle-cp.fr\/index.php?rest_route=\/wp\/v2\/types\/page"}],"author":[{"embeddable":true,"href":"https:\/\/cercle-cp.fr\/index.php?rest_route=\/wp\/v2\/users\/1"}],"replies":[{"embeddable":true,"href":"https:\/\/cercle-cp.fr\/index.php?rest_route=%2Fwp%2Fv2%2Fcomments&post=2794"}],"version-history":[{"count":99,"href":"https:\/\/cercle-cp.fr\/index.php?rest_route=\/wp\/v2\/pages\/2794\/revisions"}],"predecessor-version":[{"id":3572,"href":"https:\/\/cercle-cp.fr\/index.php?rest_route=\/wp\/v2\/pages\/2794\/revisions\/3572"}],"wp:attachment":[{"href":"https:\/\/cercle-cp.fr\/index.php?rest_route=%2Fwp%2Fv2%2Fmedia&parent=2794"}],"curies":[{"name":"wp","href":"https:\/\/api.w.org\/{rel}","templated":true}]}}